{"id":325,"date":"2021-02-02T11:22:55","date_gmt":"2021-02-02T11:22:55","guid":{"rendered":"https:\/\/martinkorosec.com\/spletna-prodaja\/?page_id=325"},"modified":"2021-03-11T09:43:03","modified_gmt":"2021-03-11T09:43:03","slug":"splosni-pogoji","status":"publish","type":"page","link":"https:\/\/martinkorosec.com\/spletna-prodaja\/splosni-pogoji\/","title":{"rendered":"Splo\u0161ni pogoji"},"content":{"rendered":"\t\t<div data-elementor-type=\"wp-page\" data-elementor-id=\"325\" class=\"elementor elementor-325\" data-elementor-settings=\"[]\">\n\t\t\t\t\t\t\t<div class=\"elementor-section-wrap\">\n\t\t\t\t\t\t\t<section class=\"elementor-section elementor-top-section elementor-element elementor-element-1ac22cf elementor-section-boxed elementor-section-height-default elementor-section-height-default\" data-id=\"1ac22cf\" data-element_type=\"section\" data-settings=\"{&quot;background_background&quot;:&quot;classic&quot;}\">\n\t\t\t\t\t\t<div class=\"elementor-container elementor-column-gap-default\">\n\t\t\t\t\t<div class=\"elementor-column elementor-col-100 elementor-top-column elementor-element elementor-element-07e4da1\" data-id=\"07e4da1\" data-element_type=\"column\">\n\t\t\t<div class=\"elementor-widget-wrap elementor-element-populated\">\n\t\t\t\t\t\t\t\t<div class=\"elementor-element elementor-element-0c47aa2 elementor-widget elementor-widget-text-editor\" data-id=\"0c47aa2\" data-element_type=\"widget\" data-widget_type=\"text-editor.default\">\n\t\t\t\t<div class=\"elementor-widget-container\">\n\t\t\t\t\t<div class=\"elementor-text-editor elementor-clearfix\"><p>Prakti\u010dni seminar. Koristen. Zabaven. <strong>Premierno v obliki zanimive televizijske oddaje.<\/strong><\/p><\/div>\n\t\t\t\t<\/div>\n\t\t\t\t<\/div>\n\t\t\t\t\t<\/div>\n\t\t<\/div>\n\t\t\t\t\t\t\t<\/div>\n\t\t<\/section>\n\t\t\t\t<section class=\"elementor-section elementor-top-section elementor-element elementor-element-ee53828 elementor-section-boxed elementor-section-height-default elementor-section-height-default\" data-id=\"ee53828\" data-element_type=\"section\">\n\t\t\t\t\t\t<div class=\"elementor-container elementor-column-gap-default\">\n\t\t\t\t\t<div class=\"elementor-column elementor-col-100 elementor-top-column elementor-element elementor-element-c4c274a\" data-id=\"c4c274a\" data-element_type=\"column\">\n\t\t\t<div class=\"elementor-widget-wrap elementor-element-populated\">\n\t\t\t\t\t\t\t\t<div class=\"elementor-element elementor-element-a8d0257 elementor-widget elementor-widget-text-editor\" data-id=\"a8d0257\" data-element_type=\"widget\" data-widget_type=\"text-editor.default\">\n\t\t\t\t<div class=\"elementor-widget-container\">\n\t\t\t\t\t<div class=\"elementor-text-editor elementor-clearfix\"><p><strong>SPLO\u0160NI POGOJI<\/strong><\/p><\/div>\n\t\t\t\t<\/div>\n\t\t\t\t<\/div>\n\t\t\t\t<div class=\"elementor-element elementor-element-3b2f1a9 elementor-widget elementor-widget-text-editor\" data-id=\"3b2f1a9\" data-element_type=\"widget\" data-widget_type=\"text-editor.default\">\n\t\t\t\t<div class=\"elementor-widget-container\">\n\t\t\t\t\t<div class=\"elementor-text-editor elementor-clearfix\"><p><strong>Splo\u0161ni pogoji poslovanja podjetja Gog data d.o.o. in uporabe spletnih strani v njegovi lasti<\/strong><\/p><p>\u00a0<\/p><p><strong>SPREJEM POGOJEV<\/strong><\/p><p>Z ozna\u010ditvijo okenca \u00bbStrinjam se s splo\u0161nimi pogoji\u00ab, izpolnitvijo podatkov in klikom na gumb \u00bbZaklju\u010di nakup\u00ab nepreklicno naro\u010dam vstopnico za udele\u017ebo na dogodku <strong>e-seminar &#8220;Spletna prodaja: \u0160tartaj.&#8221;<\/strong> v skladu s \u0161tevilom vstopnic, ki sem jih ozna\u010dil pri nakupu. Prav tako se v polnosti strinjam, da lahko organizator dogodka, podjetje GOG data, d.o.o. \u010cre\u0161njevec ob Dravi 25, 2352 Selnica ob Dravi, mati\u010dna \u0161tevilka: 6974732000 (v nadaljevanju upravljavec osebnih podatkov\/izvajalec) slede\u010de osebne podatke: moje ime in priimek, naslov elektronske po\u0161te ter telefonsko oz. mobilno \u0161tevilko obdeluje za namene neposrednega tr\u017eenja, statisti\u010dno obdelavo, izdelavo raziskav, po\u0161iljanje ponudb, promocijskih gradiv, vo\u0161\u010dilnic, revij, raznih nagradnih akcij ter vabil na dogodke, komuniciranja, vsakodnevnega izvajanja marketin\u0161kih raziskav, prilagajanja ponudbe, segmentiranja in izvajanja drugih vrst tr\u017enih in poslovnih analiz ter druge namene.\u00a0<\/p><p>\u00a0<\/p><p>Organizator dogodkov pri ogla\u0161evanju in crosspromociji sodeluje z razli\u010dnimi partnerji. Partner ogla\u0161evanja dogodka \u00bbDigitalni marketing od A do \u017d\u00ab je podjetje Orangemansa llc.<\/p><p>Osebe, navedene na prijavnici, imajo pravico do dostopa do svojih osebnih podatkov ter pravico, da\u00a0organizatorja kontaktirajo na naslovih, ki so navedeni na prijavnici in v teh splo\u0161nih pogojih, \u010de si\u00a0\u017eelijo ogledati, popraviti, spremeniti ali posodobiti svoje osebne podatke v podatkovni bazi\u00a0organizatorja. Organizator je dol\u017ean v 15 dneh ustrezno prepre\u010diti uporabo osebnih podatkov z\u00a0namenom analiziranja naro\u010dnikov, marketin\u0161kih raziskav ter za predstavitev izdelkov in storitev\u00a0podjetja\u00a0<span style=\"font-family: Montserrat, sans-serif; font-size: 20px; font-style: normal; font-weight: 400;\">GOG data, d.o.o.<\/span>\u00a0(odjava od obvestil), ter o tem v nadaljnjih 5 dneh obvestiti osebo, ki\u00a0je to zahtevala. Stro\u0161ke vseh dejanj v zvezi s tem krije organizator.\u00a0Hkrati potrjujem in izjavljam, da sem ustrezno seznanjen z mojo pravico do vpogleda, prepisa,\u00a0kopiranja, dopolnitve, popravka, blokiranja in izbrisa osebnih podatkov, ki se nana\u0161ajo name v\u00a0skladu z dolo\u010dbami 29., 30., 31., 32. in 33. Zakona o varstvu osebnih podatkov (ZVOP\u20131\u2013UPB1)\u00a0\u2013\u00a0Uradni list RS, \u0161t. 94\/ 2007. Izjavljam tudi, da meje upravljavec osebnih podatkov seznanil z\u00a0dejstvom, da je posredovanje podatkov prost Zbrani podatki ne bodo posredovani tretjim osebam.\u00a0Uporabniki, ki se \u017eelijo odjaviti od prejemanja e\u2013novic, se lahko odjavijo na povezavi v e\u2013novici\u00a0prostovoljno.<\/p><p>\u00a0<\/p><p><strong>SPLO\u0160NO<\/strong><\/p><p>\u00a0<\/p><p>Splo\u0161ni pogoji urejajo postopek prijave in odjave na posamezen dogodek pred izvedbo\u00a0posameznega dogodka, varovanje osebnih podatkov in izvedbo dogodkov. Splo\u0161ni pogoji\u00a0poslovanja podjetja\u00a0<span style=\"font-family: Montserrat, sans-serif; font-size: 20px; font-style: normal; font-weight: 400;\">GOG data, d.o.o.<\/span>\u00a0(v nadaljevanju: splo\u0161ni pogoji) se nana\u0161ajo na vse\u00a0dogodke (seminarje, delavnice, konference in druge dogodke izobra\u017eevalne in\/ali informativne\u00a0narave\u00a0\u2013\u00a0v nadaljevanju: dogodki) in izobra\u017eevalne programe (avdio in video izobra\u017eevalne\u00a0programe, on\u2013line izobra\u017eevalne programe, besedila, prosojnice\u00a0in druga izobra\u017eevalna gradiva v\u00a0kateremkoli formatu\u00a0\u2013\u00a0v nadaljevanju: Izobra\u017eevalni programi), ki jih organizira\u00a0<span style=\"font-family: Montserrat, sans-serif; font-size: 20px; font-style: normal; font-weight: 400;\">GOG data, d.o.o.<\/span>\u00a0(v nadaljevanju: organizator).Splo\u0161ni pogoji veljajo in se uporabljajo za vse dogodke in udele\u017eence enako, razen \u010de je v\u00a0okviru\u00a0prijave na posamezen dogodek dolo\u010deno druga\u010de s strani organizatorja. Splo\u0161ni pogoji so sestavni\u00a0del vsake prijavnice na vsak dogodek, ne glede na obliko prijave na dogodek (pisno, preko spletne\u00a0strani, po faksu ali na drug na\u010din, ki izkazuje osebo\u00a0in dogodek, na katero se je ta oseba prijavila).\u00a0Vsaka oseba, ki se prijavi na posamezen dogodek, v celoti, nepreklicno in brezpogojno sprejema te\u00a0splo\u0161ne pogoje. Splo\u0161ni pogoji so v obliki pravnega obvestila v vsakokratni veljavni razli\u010dici\u00a0objavljeni na\u00a0spletni strani organizatorja (http:\/\/www.oranza.si) in se lahko ob\u010dasno spreminjajo. V\u00a0\u010dasu prijave na posamezen dogodek veljajo splo\u0161ni pogoji, ki so v tem \u010dasu objavljeni na spletni\u00a0strani\u00a0https:\/\/www.martinkorosec.com\/seminarji\/spletna-prodaja (glej nogo spletne strani).<\/p><p>\u00a0<\/p><p><strong>PRIJAVE IN PLA\u010cILO KOTIZACIJE<\/strong><\/p><p>\u00a0<\/p><p>Prijava na dogodek se izvede z izpolnitvijo prijavnice v tiskani obliki, spletne prijavnice na spletni\u00a0strani ali preko e\u2013po\u0161te\u00a0prakticne.delavnice@gmail.com.\u00a0Navodila za pla\u010dilo in rok pla\u010dila za posamezen dogodek\u00a0(vklju\u010dno z mo\u017enostmi obro\u010dnega pla\u010devanja) prejmejo vsi prijavitelji po prijavi na e\u2013po\u0161tni naslov,\u00a0ki so ga navedli na prijavnici.<\/p><p>\u00a0<\/p><p>S pla\u010dilom vstopnice je udele\u017eba na dogodku potrjena. Vra\u010dila vstopnine organizator ne izvaja. V kolikor boste v \u010dasu dogodka zadr\u017eani zaradi kateregakoli razloga lahko organizatorja (do 24 ur pred dogodkom) obvestite o osebi, ki vas bo zamenjala. V kolikor zamenjave na boste uveljavili, se vstopnica prenese na drug dogodek s tak\u0161no vsebino, ki ga organizira organizator. Izobra\u017eevalni dogodki so organizirani vsakih nekaj mesecev.<\/p><p>\u00a0<\/p><p>V vsakem primeru pa lahko oseba, ki je pla\u010dala vstopnico in se dogodka iz kateregakoli razloga dogodka ni mogla udele\u017eiti, sporo\u010di organizatorju, da ji posreduje videoposnetek dogodka in prezentacije predavateljev.<\/p><p>\u00a0<\/p><p>V primeru vi\u0161je sile (npr. epidemija bolezni), ko oblasti razglasijo npr. prepoved organiziranih dogodkov, se dogodek prestavi na kasnej\u0161i \u010das. Vra\u010dila vstopnine tudi v tem primeru ni. Dobijo pa vsi udele\u017eenci videoposnetek dogodka s tak\u0161no vsebino in vse prezentacije predavateljev. Ko se morebitno izredno stanje prekli\u010de pa se izvede \u0161e dogodek v \u017eivo za katerega potem veljajo \u017ee kupljene vstopnice.<\/p><p>\u00a0<\/p><p><strong>ODPOVED PRIJAVE<\/strong><\/p><p>\u00a0<\/p><p>Organizator si pridru\u017euje pravico, da vsako prijavo zavrne oz. odpove brez\u00a0obrazlo\u017eitve. To velja tudi\u00a0v primeru, da je stranka \u017ee nakazala denar. V tem primeru organizator denar vrne. \/ Odpoved s strani\u00a0stranke je mo\u017ena le v pisni obliki, posredovani po e\u2013po\u0161ti na naslov\u00a0prakticne.delavnice@gmail.com\u00a0na tak na\u010din, da namesto prijavljenega na dogodek prijavi drugo osebo. Organizator prejetih pla\u010dil ne vra\u010da. V kolikor se stranka fizi\u010dno ne more udele\u017eiti dogodka za katerega je vpla\u010dala vstopnico, se lahko udele\u017ei katerega od dogodkov v prihodnje. Ustnih\u00a0odpovedi, posredovanih po telefonu, organizator ne sprejema.<\/p><p>\u00a0<\/p><p><strong>CENA DOGODKA<\/strong><\/p><p>\u00a0<\/p><p>Cena dogodka je tak\u0161na kot se trenutno ogla\u0161uje na spletni strani dogodka. Cena dogodka se lahko\u00a0spreminja, kar je tudi zapisano na spletni strani dogodka. Cena lahko velja npr. do dolo\u010denega\u00a0datuma, nato pa se spremeni (povi\u0161a ali zni\u017ea), kar je tudi zapisano na spletni strani dogodka. Vse\u00a0cene so brez DDV.\u00a0Kupnine ne vra\u010damo.\u00a0Lahko jo pa izkoristite za katerega od na\u0161ih dogodkov v prihodnosti.\u00a0<\/p><p>\u00a0<\/p><p><strong>VSEBINA DOGODKOV IN IZOBRA\u017dEVALNIH PROGRAMOV<\/strong><\/p><p>Vsebina predavanj in gradiv na posameznih dogodkih ter vsebina drugih izobra\u017eevalnih programov\u00a0(vklju\u010dno z on\u2013line izobra\u017eevalnimi programi, avdio in video programi) izra\u017ea izklju\u010dno stali\u0161\u010da\u00a0avtorjev\/predavateljev, in ne nujno tudi organizacij, v katerih so zaposleni ali organizatorja. V\u00a0nobenem primeru niso\u00a0<span style=\"font-family: Montserrat, sans-serif; font-size: 20px; font-style: normal; font-weight: 400;\">GOG data, d.o.o.<\/span>, njegovi zaposleni ali podizvajalci, odgovorni za\u00a0kakr\u0161no koli \u0161kodo (posredno, neposredno ali posledi\u010dno), ki bi temeljila na informacijah te spletne\u00a0strani ali na informacijah, ki so bile pridobljene na\u00a0posameznih dogodkih ali drugih Izobra\u017eevalnih\u00a0programih.\u00a0<\/p><p>\u00a0<\/p><p><strong>IZJAVA O ODGOVORNOSTI<\/strong><\/p><p>\u00a0<\/p><p>Organizator uporablja izjave ali druge trditve udele\u017eencev v zvezi z njihovo prodajo, zaslu\u017eki ali\u00a0drugimi rezultati, ki so jih dosegli udele\u017eenci dogodkov in Izobra\u017eevalnih programov. Te izjave ali\u00a0druge trditve ne pomeni, da boste tudi vi ali drugi dosegali podobne rezultate. Zaslu\u017eki in rezultati,\u00a0ki so jih udele\u017eenci dosegli v preteklosti, ne napovedujejo nujno zaslu\u017ekov in rezultatov, ki ji bodo\u00a0dosegali v prihodnosti. Organizator ni odgovoren ne pravno, ne materialno ne finan\u010dno za prihod,\u00a0odhod in \u010das pre\u017eivet s strani kupca na dogodku. Organizator ne odgovarja za morebitne po\u0161kodbe\u00a0ali morebitno odtujitev lastnine v \u010dasu prisotnosti na dogodku.\u00a0<\/p><p>\u00a0<\/p><p><strong>VAROVANJE PODATKOV<\/strong><\/p><p>\u00a0<\/p><p>Organizator zagotavlja visoko raven varovanja osebnih podatkov in se zavezuje, da bo vse prejete\u00a0osebne podatke, navedene v prijavnici ali prejete preko obrazcev na tej in drugih spletnih straneh,\u00a0skrbno hranil in uporabljal samo z namenom analiziranja podatkov\u00a0o udele\u017eencih dogodkov, za\u00a0marketin\u0161ke raziskave ter za predstavitev izdelkov in storitev\u00a0<span style=\"font-family: Montserrat, sans-serif; font-size: 20px; font-style: normal; font-weight: 400;\">GOG data, d.o.o.<\/span>, ter jih brez\u00a0privolitve posameznih oseb, na katere se podatki nana\u0161ajo, ne bo posredoval tretjim osebam.\u00a0<\/p><p>\u00a0<\/p><p><strong>POGOJI UPORABE AVTORSKIH VSEBIN<\/strong><\/p><p><span style=\"font-family: Montserrat, sans-serif; font-size: 20px; font-style: normal; font-weight: 400;\">GOG data, d.o.o.<\/span>\u00a0si pridr\u017euje pravico do napak na vseh svojih spletnih straneh tako v slikovnem kot tekstovnem delu in zanje ne prevzema odgovornosti. Vse informacije, grafika in programski elementi v naj\u0161ir\u0161em pomenu (teksti, skice, fotografije, video vsebine, ipd.), vsebovane na spletnih straneh organizatorja, so avtorsko delo organizatorja in zato \u017ee s svojim nastankom v zakonsko dovoljenem okviru predmet avtorske za\u0161\u010dite ali druge oblike za\u0161\u010dite intelektualne lastnine. Uporabnikom je dovoljeno uporabljati objavljene vsebine izklju\u010dno le v osebne in nekomercialne namene. Vsakemu posameznemu uporabniku je dovoljeno uporabljati objavljene vsebine izklju\u010dno le v enem, osebnem izvodu. Dokumenti in vsebine, objavljeni na teh spletnih straneh, se v nobenem primeru ne smejo kopirati, prepisovati, razmno\u017eevati ali kako druga\u010de raz\u0161irjati v komercialne namene. Dokumenti in vsebine, objavljeni na spletnih straneh organizatorja, se lahko izjemoma reproducirajo izklju\u010dno le v nekomercialne namene, pri \u010demer morajo biti ohranjene vse informacije o avtorjih in viru ter opozorila o za\u0161\u010diti avtorskih ali drugih pravic. Tak\u0161en izdelek in vsi ostali izdelki oz. storitve, ki so z njim morda ogla\u0161evani, morajo biti tako kot te spletne strani povsem brezpla\u010dni in dostopni vsem pod enakimi pogoji in brez dodatnih omejitev. Kdor \u017eeli objaviti le del vsebine oz. jo \u017eeli objaviti pod druga\u010dnimi pogoji, mora dobiti predhodno pisno dovoljenje avtorja oz. avtorjev. \u010ce ti pogoji niso izpolnjeni, po Zakonu o avtorskih in sorodnih pravicah Republike Slovenije kopiranje avtorskih vsebin teh spletnih strani ni dovoljeno. Registracija, prijava in ogledovanje vsebin spletnih strani https:\/\/www.martinkorosec.com\/seminarji\/spletna-prodaja (glej nogo spletne strani za splo\u0161ne pogoje) pomeni avtomati\u010dno pristajanje na te pogoje.<\/p><p>\u00a0<\/p><p><strong>Datum objave zadnje verzije pogojev: 20. 09. 2019<\/strong><\/p><p>\u00a0<\/p><\/div>\n\t\t\t\t<\/div>\n\t\t\t\t<\/div>\n\t\t\t\t\t<\/div>\n\t\t<\/div>\n\t\t\t\t\t\t\t<\/div>\n\t\t<\/section>\n\t\t\t\t<section class=\"elementor-section elementor-top-section elementor-element elementor-element-ae42aa3 elementor-section-boxed elementor-section-height-default elementor-section-height-default\" data-id=\"ae42aa3\" data-element_type=\"section\">\n\t\t\t\t\t\t<div class=\"elementor-container elementor-column-gap-default\">\n\t\t\t\t\t<div class=\"elementor-column elementor-col-100 elementor-top-column elementor-element elementor-element-80cfdfc\" data-id=\"80cfdfc\" data-element_type=\"column\">\n\t\t\t<div class=\"elementor-widget-wrap elementor-element-populated\">\n\t\t\t\t\t\t\t\t<div class=\"elementor-element elementor-element-3b50c72 elementor-align-center elementor-widget elementor-widget-button\" data-id=\"3b50c72\" data-element_type=\"widget\" data-widget_type=\"button.default\">\n\t\t\t\t<div class=\"elementor-widget-container\">\n\t\t\t\t\t<div class=\"elementor-button-wrapper\">\n\t\t\t<a href=\"https:\/\/martinkorosec.com\/spletna-prodaja\" class=\"elementor-button-link elementor-button elementor-size-md\" role=\"button\">\n\t\t\t\t\t\t<span class=\"elementor-button-content-wrapper\">\n\t\t\t\t\t\t<span class=\"elementor-button-text\">NAZAJ NA GLAVNO STRAN<\/span>\n\t\t<\/span>\n\t\t\t\t\t<\/a>\n\t\t<\/div>\n\t\t\t\t<\/div>\n\t\t\t\t<\/div>\n\t\t\t\t\t<\/div>\n\t\t<\/div>\n\t\t\t\t\t\t\t<\/div>\n\t\t<\/section>\n\t\t\t\t<section class=\"elementor-section elementor-top-section elementor-element elementor-element-436e5d5 elementor-section-boxed elementor-section-height-default elementor-section-height-default\" data-id=\"436e5d5\" data-element_type=\"section\" data-settings=\"{&quot;background_background&quot;:&quot;classic&quot;}\">\n\t\t\t\t\t\t<div class=\"elementor-container elementor-column-gap-default\">\n\t\t\t\t\t<div class=\"elementor-column elementor-col-100 elementor-top-column elementor-element elementor-element-501906a\" data-id=\"501906a\" data-element_type=\"column\">\n\t\t\t<div class=\"elementor-widget-wrap elementor-element-populated\">\n\t\t\t\t\t\t\t\t<div class=\"elementor-element elementor-element-f413ef6 elementor-widget elementor-widget-text-editor\" data-id=\"f413ef6\" data-element_type=\"widget\" data-widget_type=\"text-editor.default\">\n\t\t\t\t<div class=\"elementor-widget-container\">\n\t\t\t\t\t<div class=\"elementor-text-editor elementor-clearfix\"><p><strong>Copyright 2021<\/strong>&nbsp;| <a href=\"#\" style=\"color: #fff;\">Splo\u0161ni pogoji poslovanja<\/a> | <a href=\"#\" style=\"color: #fff;\">Pravilnik o varovanju osebnih podatkov<\/a> | <a href=\"#\" style=\"color: #fff;\">Politika varstva osebnih podatkov<\/a><\/p><\/div>\n\t\t\t\t<\/div>\n\t\t\t\t<\/div>\n\t\t\t\t\t<\/div>\n\t\t<\/div>\n\t\t\t\t\t\t\t<\/div>\n\t\t<\/section>\n\t\t\t\t\t\t<\/div>\n\t\t\t\t\t<\/div>\n\t\t","protected":false},"excerpt":{"rendered":"<p>Prakti\u010dni seminar. Koristen. Zabaven. Premierno v obliki zanimive televizijske oddaje. SPLO\u0160NI POGOJI Splo\u0161ni pogoji poslovanja podjetja Gog data d.o.o. in uporabe spletnih strani v njegovi lasti \u00a0 SPREJEM POGOJEV Z ozna\u010ditvijo okenca \u00bbStrinjam se s splo\u0161nimi pogoji\u00ab, izpolnitvijo podatkov in klikom na gumb \u00bbZaklju\u010di nakup\u00ab nepreklicno naro\u010dam vstopnico za udele\u017ebo na dogodku e-seminar &#8220;Spletna prodaja: [&hellip;]<\/p>\n","protected":false},"author":1,"featured_media":0,"parent":0,"menu_order":0,"comment_status":"closed","ping_status":"closed","template":"elementor_canvas","meta":{"footnotes":""},"class_list":["post-325","page","type-page","status-publish","hentry"],"yoast_head":"<!-- This site is optimized with the Yoast SEO plugin v15.9.2 - https:\/\/yoast.com\/wordpress\/plugins\/seo\/ -->\n<title>Splo\u0161ni pogoji - Spletna prodaja: \u0160TARTAJ.<\/title>\n<link rel=\"canonical\" href=\"https:\/\/martinkorosec.com\/spletna-prodaja\/splosni-pogoji\/\" \/>\n<meta property=\"og:locale\" content=\"sl_SI\" \/>\n<meta property=\"og:type\" content=\"article\" \/>\n<meta property=\"og:title\" content=\"Splo\u0161ni pogoji - Spletna prodaja: \u0160TARTAJ.\" \/>\n<meta property=\"og:description\" content=\"Prakti\u010dni seminar. Koristen. Zabaven. Premierno v obliki zanimive televizijske oddaje. SPLO\u0160NI POGOJI Splo\u0161ni pogoji poslovanja podjetja Gog data d.o.o. in uporabe spletnih strani v njegovi lasti \u00a0 SPREJEM POGOJEV Z ozna\u010ditvijo okenca \u00bbStrinjam se s splo\u0161nimi pogoji\u00ab, izpolnitvijo podatkov in klikom na gumb \u00bbZaklju\u010di nakup\u00ab nepreklicno naro\u010dam vstopnico za udele\u017ebo na dogodku e-seminar &#8220;Spletna prodaja: [&hellip;]\" \/>\n<meta property=\"og:url\" content=\"https:\/\/martinkorosec.com\/spletna-prodaja\/splosni-pogoji\/\" \/>\n<meta property=\"og:site_name\" content=\"Spletna prodaja: \u0160TARTAJ.\" \/>\n<meta property=\"article:modified_time\" content=\"2021-03-11T09:43:03+00:00\" \/>\n<meta name=\"twitter:card\" content=\"summary_large_image\" \/>\n<meta name=\"twitter:label1\" content=\"Est. reading time\">\n\t<meta name=\"twitter:data1\" content=\"8 minut\">\n<script type=\"application\/ld+json\" class=\"yoast-schema-graph\">{\"@context\":\"https:\/\/schema.org\",\"@graph\":[{\"@type\":\"WebSite\",\"@id\":\"https:\/\/martinkorosec.com\/spletna-prodaja\/#website\",\"url\":\"https:\/\/martinkorosec.com\/spletna-prodaja\/\",\"name\":\"Spletna prodaja: \\u0160TARTAJ.\",\"description\":\"Prakti\\u010dni seminar. Koristen. Zabaven. Premierno v obliki zanimive televizijske oddaje.\",\"potentialAction\":[{\"@type\":\"SearchAction\",\"target\":\"https:\/\/martinkorosec.com\/spletna-prodaja\/?s={search_term_string}\",\"query-input\":\"required name=search_term_string\"}],\"inLanguage\":\"sl-SI\"},{\"@type\":\"WebPage\",\"@id\":\"https:\/\/martinkorosec.com\/spletna-prodaja\/splosni-pogoji\/#webpage\",\"url\":\"https:\/\/martinkorosec.com\/spletna-prodaja\/splosni-pogoji\/\",\"name\":\"Splo\\u0161ni pogoji - Spletna prodaja: \\u0160TARTAJ.\",\"isPartOf\":{\"@id\":\"https:\/\/martinkorosec.com\/spletna-prodaja\/#website\"},\"datePublished\":\"2021-02-02T11:22:55+00:00\",\"dateModified\":\"2021-03-11T09:43:03+00:00\",\"breadcrumb\":{\"@id\":\"https:\/\/martinkorosec.com\/spletna-prodaja\/splosni-pogoji\/#breadcrumb\"},\"inLanguage\":\"sl-SI\",\"potentialAction\":[{\"@type\":\"ReadAction\",\"target\":[\"https:\/\/martinkorosec.com\/spletna-prodaja\/splosni-pogoji\/\"]}]},{\"@type\":\"BreadcrumbList\",\"@id\":\"https:\/\/martinkorosec.com\/spletna-prodaja\/splosni-pogoji\/#breadcrumb\",\"itemListElement\":[{\"@type\":\"ListItem\",\"position\":1,\"item\":{\"@type\":\"WebPage\",\"@id\":\"https:\/\/martinkorosec.com\/spletna-prodaja\/\",\"url\":\"https:\/\/martinkorosec.com\/spletna-prodaja\/\",\"name\":\"Home\"}},{\"@type\":\"ListItem\",\"position\":2,\"item\":{\"@type\":\"WebPage\",\"@id\":\"https:\/\/martinkorosec.com\/spletna-prodaja\/splosni-pogoji\/\",\"url\":\"https:\/\/martinkorosec.com\/spletna-prodaja\/splosni-pogoji\/\",\"name\":\"Splo\\u0161ni pogoji\"}}]}]}<\/script>\n<!-- \/ Yoast SEO plugin. -->","_links":{"self":[{"href":"https:\/\/martinkorosec.com\/spletna-prodaja\/wp-json\/wp\/v2\/pages\/325","targetHints":{"allow":["GET"]}}],"collection":[{"href":"https:\/\/martinkorosec.com\/spletna-prodaja\/wp-json\/wp\/v2\/pages"}],"about":[{"href":"https:\/\/martinkorosec.com\/spletna-prodaja\/wp-json\/wp\/v2\/types\/page"}],"author":[{"embeddable":true,"href":"https:\/\/martinkorosec.com\/spletna-prodaja\/wp-json\/wp\/v2\/users\/1"}],"replies":[{"embeddable":true,"href":"https:\/\/martinkorosec.com\/spletna-prodaja\/wp-json\/wp\/v2\/comments?post=325"}],"version-history":[{"count":26,"href":"https:\/\/martinkorosec.com\/spletna-prodaja\/wp-json\/wp\/v2\/pages\/325\/revisions"}],"predecessor-version":[{"id":1040,"href":"https:\/\/martinkorosec.com\/spletna-prodaja\/wp-json\/wp\/v2\/pages\/325\/revisions\/1040"}],"wp:attachment":[{"href":"https:\/\/martinkorosec.com\/spletna-prodaja\/wp-json\/wp\/v2\/media?parent=325"}],"curies":[{"name":"wp","href":"https:\/\/api.w.org\/{rel}","templated":true}]}}